{"id":29866,"date":"2026-02-19T16:13:35","date_gmt":"2026-02-19T13:13:35","guid":{"rendered":"https:\/\/yaru.com.tr\/urun\/salkim-top\/"},"modified":"2026-03-10T23:53:51","modified_gmt":"2026-03-10T20:53:51","slug":"salkim-top-white","status":"publish","type":"product","link":"https:\/\/yaru.com.tr\/en\/urun\/salkim-top-white\/","title":{"rendered":"Salk\u0131m Top"},"content":{"rendered":"","protected":false},"excerpt":{"rendered":"<p>Voile cape top with crew neckline.<br \/>\nTies at the back of the neck with a slim bow.<br \/>\nFabric is made from natural cotton fibers and woven on local looms.<br \/>\nEmbroidery at the hem features \u201cT\u0131rnak Ba\u011f\u0131,\u201d a traditional technique unique to the Kastamonu region, handcrafted by hardworking women who produce from their homes.<\/p>\n","protected":false},"featured_media":30231,"template":"","meta":[],"product_brand":[],"product_cat":[237,244,248],"product_tag":[],"class_list":{"0":"post-29866","1":"product","2":"type-product","3":"status-publish","4":"has-post-thumbnail","6":"product_cat-all-products","7":"product_cat-blouses","8":"product_cat-ready-to-wear","10":"first","11":"instock","12":"shipping-taxable","13":"purchasable","14":"product-type-variable"},"_links":{"self":[{"href":"https:\/\/yaru.com.tr\/en\/wp-json\/wp\/v2\/product\/29866","targetHints":{"allow":["GET"]}}],"collection":[{"href":"https:\/\/yaru.com.tr\/en\/wp-json\/wp\/v2\/product"}],"about":[{"href":"https:\/\/yaru.com.tr\/en\/wp-json\/wp\/v2\/types\/product"}],"version-history":[{"count":1,"href":"https:\/\/yaru.com.tr\/en\/wp-json\/wp\/v2\/product\/29866\/revisions"}],"predecessor-version":[{"id":29883,"href":"https:\/\/yaru.com.tr\/en\/wp-json\/wp\/v2\/product\/29866\/revisions\/29883"}],"wp:featuredmedia":[{"embeddable":true,"href":"https:\/\/yaru.com.tr\/en\/wp-json\/wp\/v2\/media\/30231"}],"wp:attachment":[{"href":"https:\/\/yaru.com.tr\/en\/wp-json\/wp\/v2\/media?parent=29866"}],"wp:term":[{"taxonomy":"product_brand","embeddable":true,"href":"https:\/\/yaru.com.tr\/en\/wp-json\/wp\/v2\/product_brand?post=29866"},{"taxonomy":"product_cat","embeddable":true,"href":"https:\/\/yaru.com.tr\/en\/wp-json\/wp\/v2\/product_cat?post=29866"},{"taxonomy":"product_tag","embeddable":true,"href":"https:\/\/yaru.com.tr\/en\/wp-json\/wp\/v2\/product_tag?post=29866"}],"curies":[{"name":"wp","href":"https:\/\/api.w.org\/{rel}","templated":true}]}}