{"id":29861,"date":"2026-02-19T16:05:27","date_gmt":"2026-02-19T13:05:27","guid":{"rendered":"https:\/\/yaru.com.tr\/urun\/zeytin-top\/"},"modified":"2026-03-10T23:53:51","modified_gmt":"2026-03-10T20:53:51","slug":"zeytin-top-white","status":"publish","type":"product","link":"https:\/\/yaru.com.tr\/en\/urun\/zeytin-top-white\/","title":{"rendered":"Zeytin Top"},"content":{"rendered":"","protected":false},"excerpt":{"rendered":"<p>Short blouse with tassel details.<br \/>\nFastens at the back with a small mother-of-pearl button.<br \/>\nFabric is made from natural cotton\u2013linen fibers woven on local looms.<br \/>\nEmbroidery at the hem is \u201cT\u0131rnak Ba\u011f\u0131,\u201d a traditional technique unique to the Kastamonu region, handcrafted by hardworking women who produce from their homes.<\/p>\n","protected":false},"featured_media":30347,"template":"","meta":[],"product_brand":[],"product_cat":[237,244,248],"product_tag":[],"class_list":{"0":"post-29861","1":"product","2":"type-product","3":"status-publish","4":"has-post-thumbnail","6":"product_cat-all-products","7":"product_cat-blouses","8":"product_cat-ready-to-wear","10":"first","11":"instock","12":"shipping-taxable","13":"purchasable","14":"product-type-variable"},"_links":{"self":[{"href":"https:\/\/yaru.com.tr\/en\/wp-json\/wp\/v2\/product\/29861","targetHints":{"allow":["GET"]}}],"collection":[{"href":"https:\/\/yaru.com.tr\/en\/wp-json\/wp\/v2\/product"}],"about":[{"href":"https:\/\/yaru.com.tr\/en\/wp-json\/wp\/v2\/types\/product"}],"version-history":[{"count":1,"href":"https:\/\/yaru.com.tr\/en\/wp-json\/wp\/v2\/product\/29861\/revisions"}],"predecessor-version":[{"id":29882,"href":"https:\/\/yaru.com.tr\/en\/wp-json\/wp\/v2\/product\/29861\/revisions\/29882"}],"wp:featuredmedia":[{"embeddable":true,"href":"https:\/\/yaru.com.tr\/en\/wp-json\/wp\/v2\/media\/30347"}],"wp:attachment":[{"href":"https:\/\/yaru.com.tr\/en\/wp-json\/wp\/v2\/media?parent=29861"}],"wp:term":[{"taxonomy":"product_brand","embeddable":true,"href":"https:\/\/yaru.com.tr\/en\/wp-json\/wp\/v2\/product_brand?post=29861"},{"taxonomy":"product_cat","embeddable":true,"href":"https:\/\/yaru.com.tr\/en\/wp-json\/wp\/v2\/product_cat?post=29861"},{"taxonomy":"product_tag","embeddable":true,"href":"https:\/\/yaru.com.tr\/en\/wp-json\/wp\/v2\/product_tag?post=29861"}],"curies":[{"name":"wp","href":"https:\/\/api.w.org\/{rel}","templated":true}]}}