{"id":29859,"date":"2026-02-19T16:16:00","date_gmt":"2026-02-19T13:16:00","guid":{"rendered":"https:\/\/yaru.com.tr\/urun\/limon-top\/"},"modified":"2026-03-10T23:53:50","modified_gmt":"2026-03-10T20:53:50","slug":"limon-top-beige","status":"publish","type":"product","link":"https:\/\/yaru.com.tr\/en\/urun\/limon-top-beige\/","title":{"rendered":"Limon Top"},"content":{"rendered":"","protected":false},"excerpt":{"rendered":"<p>Wide-neck, relaxed-fit top. Realized in Mu\u011fla B\u00fcr\u00fcmc\u00fck fabric, this one-size blouse is a practical summer piece that feels airy and is easy to mix and match.<\/p>\n","protected":false},"featured_media":30194,"template":"","meta":[],"product_brand":[],"product_cat":[237,244,248],"product_tag":[],"class_list":{"0":"post-29859","1":"product","2":"type-product","3":"status-publish","4":"has-post-thumbnail","6":"product_cat-all-products","7":"product_cat-blouses","8":"product_cat-ready-to-wear","10":"first","11":"instock","12":"shipping-taxable","13":"purchasable","14":"product-type-simple"},"_links":{"self":[{"href":"https:\/\/yaru.com.tr\/en\/wp-json\/wp\/v2\/product\/29859","targetHints":{"allow":["GET"]}}],"collection":[{"href":"https:\/\/yaru.com.tr\/en\/wp-json\/wp\/v2\/product"}],"about":[{"href":"https:\/\/yaru.com.tr\/en\/wp-json\/wp\/v2\/types\/product"}],"version-history":[{"count":1,"href":"https:\/\/yaru.com.tr\/en\/wp-json\/wp\/v2\/product\/29859\/revisions"}],"predecessor-version":[{"id":29881,"href":"https:\/\/yaru.com.tr\/en\/wp-json\/wp\/v2\/product\/29859\/revisions\/29881"}],"wp:featuredmedia":[{"embeddable":true,"href":"https:\/\/yaru.com.tr\/en\/wp-json\/wp\/v2\/media\/30194"}],"wp:attachment":[{"href":"https:\/\/yaru.com.tr\/en\/wp-json\/wp\/v2\/media?parent=29859"}],"wp:term":[{"taxonomy":"product_brand","embeddable":true,"href":"https:\/\/yaru.com.tr\/en\/wp-json\/wp\/v2\/product_brand?post=29859"},{"taxonomy":"product_cat","embeddable":true,"href":"https:\/\/yaru.com.tr\/en\/wp-json\/wp\/v2\/product_cat?post=29859"},{"taxonomy":"product_tag","embeddable":true,"href":"https:\/\/yaru.com.tr\/en\/wp-json\/wp\/v2\/product_tag?post=29859"}],"curies":[{"name":"wp","href":"https:\/\/api.w.org\/{rel}","templated":true}]}}