{"id":29841,"date":"2026-02-19T16:27:38","date_gmt":"2026-02-19T13:27:38","guid":{"rendered":"https:\/\/yaru.com.tr\/urun\/kekik-trousers-2\/"},"modified":"2026-03-10T23:56:16","modified_gmt":"2026-03-10T20:56:16","slug":"kekik-trousers-black","status":"publish","type":"product","link":"https:\/\/yaru.com.tr\/en\/urun\/kekik-trousers-black\/","title":{"rendered":"Kekik Trousers"},"content":{"rendered":"","protected":false},"excerpt":{"rendered":"<p>Comfortable, relaxed-fit trousers that taper slightly toward the ankle, with an elastic waistband. Fabric is made from natural cotton\u2013linen fibers and woven on local looms. The decorative details on the trousers feature the \u201cT\u0131rnak Ba\u011f\u0131\u201d motif, which is unique to the Kastamonu region. Fringes are handcrafted by hardworking women who produce it from their homes.<\/p>\n","protected":false},"featured_media":30167,"template":"","meta":[],"product_brand":[],"product_cat":[237,240],"product_tag":[],"class_list":{"0":"post-29841","1":"product","2":"type-product","3":"status-publish","4":"has-post-thumbnail","6":"product_cat-all-products","7":"product_cat-trousers","9":"first","10":"instock","11":"shipping-taxable","12":"purchasable","13":"product-type-variable"},"_links":{"self":[{"href":"https:\/\/yaru.com.tr\/en\/wp-json\/wp\/v2\/product\/29841","targetHints":{"allow":["GET"]}}],"collection":[{"href":"https:\/\/yaru.com.tr\/en\/wp-json\/wp\/v2\/product"}],"about":[{"href":"https:\/\/yaru.com.tr\/en\/wp-json\/wp\/v2\/types\/product"}],"version-history":[{"count":1,"href":"https:\/\/yaru.com.tr\/en\/wp-json\/wp\/v2\/product\/29841\/revisions"}],"predecessor-version":[{"id":29899,"href":"https:\/\/yaru.com.tr\/en\/wp-json\/wp\/v2\/product\/29841\/revisions\/29899"}],"wp:featuredmedia":[{"embeddable":true,"href":"https:\/\/yaru.com.tr\/en\/wp-json\/wp\/v2\/media\/30167"}],"wp:attachment":[{"href":"https:\/\/yaru.com.tr\/en\/wp-json\/wp\/v2\/media?parent=29841"}],"wp:term":[{"taxonomy":"product_brand","embeddable":true,"href":"https:\/\/yaru.com.tr\/en\/wp-json\/wp\/v2\/product_brand?post=29841"},{"taxonomy":"product_cat","embeddable":true,"href":"https:\/\/yaru.com.tr\/en\/wp-json\/wp\/v2\/product_cat?post=29841"},{"taxonomy":"product_tag","embeddable":true,"href":"https:\/\/yaru.com.tr\/en\/wp-json\/wp\/v2\/product_tag?post=29841"}],"curies":[{"name":"wp","href":"https:\/\/api.w.org\/{rel}","templated":true}]}}