{"id":29821,"date":"2026-02-19T16:37:05","date_gmt":"2026-02-19T13:37:05","guid":{"rendered":"https:\/\/yaru.com.tr\/urun\/nane-shorts-3\/"},"modified":"2026-03-10T23:56:08","modified_gmt":"2026-03-10T20:56:08","slug":"nane-shorts-white","status":"publish","type":"product","link":"https:\/\/yaru.com.tr\/en\/urun\/nane-shorts-white\/","title":{"rendered":"Nane Shorts"},"content":{"rendered":"","protected":false},"excerpt":{"rendered":"<p>Shorts with an elastic waistband. Fabric is made from natural cotton\u2013linen fibers and woven on local looms. The decorative details on the shorts feature the \u201cT\u0131rnak Ba\u011f\u0131\u201d motif, which is unique to the Kastamonu region. They are handcrafted by hardworking women who produce it from their homes.<\/p>\n","protected":false},"featured_media":30370,"template":"","meta":[],"product_brand":[],"product_cat":[237,238],"product_tag":[],"class_list":{"0":"post-29821","1":"product","2":"type-product","3":"status-publish","4":"has-post-thumbnail","6":"product_cat-all-products","7":"product_cat-shorts","9":"first","10":"instock","11":"shipping-taxable","12":"purchasable","13":"product-type-variable"},"_links":{"self":[{"href":"https:\/\/yaru.com.tr\/en\/wp-json\/wp\/v2\/product\/29821","targetHints":{"allow":["GET"]}}],"collection":[{"href":"https:\/\/yaru.com.tr\/en\/wp-json\/wp\/v2\/product"}],"about":[{"href":"https:\/\/yaru.com.tr\/en\/wp-json\/wp\/v2\/types\/product"}],"version-history":[{"count":1,"href":"https:\/\/yaru.com.tr\/en\/wp-json\/wp\/v2\/product\/29821\/revisions"}],"predecessor-version":[{"id":29895,"href":"https:\/\/yaru.com.tr\/en\/wp-json\/wp\/v2\/product\/29821\/revisions\/29895"}],"wp:featuredmedia":[{"embeddable":true,"href":"https:\/\/yaru.com.tr\/en\/wp-json\/wp\/v2\/media\/30370"}],"wp:attachment":[{"href":"https:\/\/yaru.com.tr\/en\/wp-json\/wp\/v2\/media?parent=29821"}],"wp:term":[{"taxonomy":"product_brand","embeddable":true,"href":"https:\/\/yaru.com.tr\/en\/wp-json\/wp\/v2\/product_brand?post=29821"},{"taxonomy":"product_cat","embeddable":true,"href":"https:\/\/yaru.com.tr\/en\/wp-json\/wp\/v2\/product_cat?post=29821"},{"taxonomy":"product_tag","embeddable":true,"href":"https:\/\/yaru.com.tr\/en\/wp-json\/wp\/v2\/product_tag?post=29821"}],"curies":[{"name":"wp","href":"https:\/\/api.w.org\/{rel}","templated":true}]}}