{"id":29795,"date":"2026-02-19T20:14:21","date_gmt":"2026-02-19T17:14:21","guid":{"rendered":"https:\/\/yaru.com.tr\/urun\/yaprak-skirt\/"},"modified":"2026-03-10T23:55:11","modified_gmt":"2026-03-10T20:55:11","slug":"yaprak-skirt-beige","status":"publish","type":"product","link":"https:\/\/yaru.com.tr\/en\/urun\/yaprak-skirt-beige\/","title":{"rendered":"Yaprak Skirt"},"content":{"rendered":"","protected":false},"excerpt":{"rendered":"<p>The slim skirt, which can be styled as a set with the Mu\u011fla B\u00fcr\u00fcmc\u00fck top, is an ideal beach option. It can also accompany you from morning to night with its slightly sheer texture. For a more covered look, it can be paired with the Meltem short tunic.<\/p>\n","protected":false},"featured_media":30314,"template":"","meta":[],"product_brand":[],"product_cat":[237,248,241],"product_tag":[],"class_list":{"0":"post-29795","1":"product","2":"type-product","3":"status-publish","4":"has-post-thumbnail","6":"product_cat-all-products","7":"product_cat-ready-to-wear","8":"product_cat-skirts","10":"first","11":"instock","12":"shipping-taxable","13":"purchasable","14":"product-type-variable"},"_links":{"self":[{"href":"https:\/\/yaru.com.tr\/en\/wp-json\/wp\/v2\/product\/29795","targetHints":{"allow":["GET"]}}],"collection":[{"href":"https:\/\/yaru.com.tr\/en\/wp-json\/wp\/v2\/product"}],"about":[{"href":"https:\/\/yaru.com.tr\/en\/wp-json\/wp\/v2\/types\/product"}],"version-history":[{"count":1,"href":"https:\/\/yaru.com.tr\/en\/wp-json\/wp\/v2\/product\/29795\/revisions"}],"predecessor-version":[{"id":29887,"href":"https:\/\/yaru.com.tr\/en\/wp-json\/wp\/v2\/product\/29795\/revisions\/29887"}],"wp:featuredmedia":[{"embeddable":true,"href":"https:\/\/yaru.com.tr\/en\/wp-json\/wp\/v2\/media\/30314"}],"wp:attachment":[{"href":"https:\/\/yaru.com.tr\/en\/wp-json\/wp\/v2\/media?parent=29795"}],"wp:term":[{"taxonomy":"product_brand","embeddable":true,"href":"https:\/\/yaru.com.tr\/en\/wp-json\/wp\/v2\/product_brand?post=29795"},{"taxonomy":"product_cat","embeddable":true,"href":"https:\/\/yaru.com.tr\/en\/wp-json\/wp\/v2\/product_cat?post=29795"},{"taxonomy":"product_tag","embeddable":true,"href":"https:\/\/yaru.com.tr\/en\/wp-json\/wp\/v2\/product_tag?post=29795"}],"curies":[{"name":"wp","href":"https:\/\/api.w.org\/{rel}","templated":true}]}}