{"id":29748,"date":"2026-02-19T20:06:50","date_gmt":"2026-02-19T17:06:50","guid":{"rendered":"https:\/\/yaru.com.tr\/urun\/papatya-belt\/"},"modified":"2026-02-19T20:06:50","modified_gmt":"2026-02-19T17:06:50","slug":"papatya-belt","status":"publish","type":"product","link":"https:\/\/yaru.com.tr\/en\/urun\/papatya-belt\/","title":{"rendered":"Papatya Belt"},"content":{"rendered":"","protected":false},"excerpt":{"rendered":"<p>A 100% cotton belt made using the Kastamonu T\u0131rnak Ba\u011f\u0131 technique. Can be worn at the waist or low on the hips. It can be paired with all kimonos and dresses in the Yaru collection and can also be worn as a necklace.<\/p>\n","protected":false},"featured_media":30317,"template":"","meta":[],"product_brand":[],"product_cat":[247,237,246],"product_tag":[],"class_list":{"0":"post-29748","1":"product","2":"type-product","3":"status-publish","4":"has-post-thumbnail","6":"product_cat-accessories","7":"product_cat-all-products","8":"product_cat-belts","10":"first","11":"instock","12":"shipping-taxable","13":"purchasable","14":"product-type-variable"},"_links":{"self":[{"href":"https:\/\/yaru.com.tr\/en\/wp-json\/wp\/v2\/product\/29748","targetHints":{"allow":["GET"]}}],"collection":[{"href":"https:\/\/yaru.com.tr\/en\/wp-json\/wp\/v2\/product"}],"about":[{"href":"https:\/\/yaru.com.tr\/en\/wp-json\/wp\/v2\/types\/product"}],"version-history":[{"count":0,"href":"https:\/\/yaru.com.tr\/en\/wp-json\/wp\/v2\/product\/29748\/revisions"}],"wp:featuredmedia":[{"embeddable":true,"href":"https:\/\/yaru.com.tr\/en\/wp-json\/wp\/v2\/media\/30317"}],"wp:attachment":[{"href":"https:\/\/yaru.com.tr\/en\/wp-json\/wp\/v2\/media?parent=29748"}],"wp:term":[{"taxonomy":"product_brand","embeddable":true,"href":"https:\/\/yaru.com.tr\/en\/wp-json\/wp\/v2\/product_brand?post=29748"},{"taxonomy":"product_cat","embeddable":true,"href":"https:\/\/yaru.com.tr\/en\/wp-json\/wp\/v2\/product_cat?post=29748"},{"taxonomy":"product_tag","embeddable":true,"href":"https:\/\/yaru.com.tr\/en\/wp-json\/wp\/v2\/product_tag?post=29748"}],"curies":[{"name":"wp","href":"https:\/\/api.w.org\/{rel}","templated":true}]}}