{"id":30047,"date":"2026-03-11T01:17:29","date_gmt":"2026-03-10T22:17:29","guid":{"rendered":"https:\/\/yaru.com.tr\/?page_id=30047"},"modified":"2026-03-11T01:31:22","modified_gmt":"2026-03-10T22:31:22","slug":"membership-agreement","status":"publish","type":"page","link":"https:\/\/yaru.com.tr\/en\/membership-agreement\/","title":{"rendered":"Membership Agreement"},"content":{"rendered":"\t\t<div data-elementor-type=\"wp-page\" data-elementor-id=\"30047\" class=\"elementor elementor-30047 elementor-30046\">\n\t\t\t\t<div class=\"wd-negative-gap elementor-element elementor-element-cc2b6b6 e-flex e-con-boxed e-con e-parent\" data-id=\"cc2b6b6\" data-element_type=\"container\" data-e-type=\"container\">\n\t\t\t\t\t<div class=\"e-con-inner\">\n\t\t<div class=\"elementor-element elementor-element-ca332ee e-con-full e-flex e-con e-child\" data-id=\"ca332ee\" data-element_type=\"container\" data-e-type=\"container\">\n\t\t\t\t<\/div>\n\t\t<div class=\"elementor-element elementor-element-3feea67 e-con-full e-flex e-con e-child\" data-id=\"3feea67\" data-element_type=\"container\" data-e-type=\"container\">\n\t\t\t\t<div class=\"elementor-element elementor-element-babcc46 elementor-widget elementor-widget-heading\" data-id=\"babcc46\" data-element_type=\"widget\" data-e-type=\"widget\" data-widget_type=\"heading.default\">\n\t\t\t\t\t<h3 class=\"elementor-heading-title elementor-size-default\">Membership Agreement<\/h3>\t\t\t\t<\/div>\n\t\t\t\t<div class=\"elementor-element elementor-element-7db8a4f color-scheme-inherit text-left elementor-widget elementor-widget-text-editor\" data-id=\"7db8a4f\" data-element_type=\"widget\" data-e-type=\"widget\" data-widget_type=\"text-editor.default\">\n\t\t\t\t\t\t\t\t\t<ol>\n<li>\n<p><strong>\u00dcYEL\u0130K S\u00d6ZLE\u015eMES\u0130<\/strong><\/p>\n<p>Sitemize \u00fcye olmadan \u00f6nce a\u015fa\u011f\u0131da yer alan s\u00f6zle\u015fmeyi dikkatlice okuyunuz l\u00fctfen.<\/p>\n<ol>\n<li><strong> Taraflar<\/strong><\/li>\n<li>a) www.yaru.com.tr internet sitesinin faaliyetlerini y\u00fcr\u00fcten Fatih Sultan Mehmet Mah. Poligon Cad. Buyaka 2 Sitesi 3 Blok No:8 Ic kap\u0131 No: 1 Umraniye\/ Istanbul adresinde mukim Ceren \u00c7ekin. (Bundan b\u00f6yle Yaru olarak an\u0131lacakt\u0131r).<\/li>\n<li>b) www.yaru.com.tr internet sitesine \u00fcye olan internet kullan\u0131c\u0131s\u0131 (&#8220;\u00dcye&#8221;)<\/li>\n<\/ol>\n<p>\u00a0<\/p>\n<ol start=\"2\">\n<li><strong> S\u00f6zle\u015fmenin Konusu<\/strong><\/li>\n<\/ol>\n<p>\u0130\u015fbu S\u00f6zle\u015fme&#8217;nin konusu Yaru \u2018in sahip oldu\u011fu internet sitesi www.yaru.com.tr &#8216;dan \u00fcyenin faydalanma \u015fartlar\u0131n\u0131n belirlenmesidir.<\/p>\n<p>\u00a0<\/p>\n<ol start=\"3\">\n<li><strong> Taraflar\u0131n Hak ve Y\u00fck\u00fcml\u00fcl\u00fckleri<\/strong><\/li>\n<\/ol>\n<p><strong>3.1.<\/strong>\u00a0\u00dcye, www.yaru.com.tr \u00a0internet sitesine \u00fcye olurken verdi\u011fi ki\u015fisel ve di\u011fer sair bilgilerin kanunlar \u00f6n\u00fcnde do\u011fru oldu\u011funu, Yaru &#8216;in bu bilgilerin ger\u00e7e\u011fe ayk\u0131r\u0131l\u0131\u011f\u0131 nedeniyle u\u011frayaca\u011f\u0131 t\u00fcm zararlar\u0131 aynen ve derhal tazmin edece\u011fini beyan ve taahh\u00fct eder.<\/p>\n<p><strong>3.2.<\/strong>\u00a0\u00dcye, Yaru taraf\u0131ndan kendisine verilmi\u015f olan \u015fifreyi ba\u015fka ki\u015fi ya da kurulu\u015flara veremez, \u00fcyenin s\u00f6z konusu \u015fifreyi kullanma hakk\u0131 bizzat kendisine aittir. Bu sebeple do\u011fabilecek t\u00fcm sorumluluk ile \u00fc\u00e7\u00fcnc\u00fc ki\u015filer veya yetkili merciler taraf\u0131ndan Yaru &#8216;e kar\u015f\u0131 ileri s\u00fcr\u00fclebilecek t\u00fcm iddia ve taleplere kar\u015f\u0131, Yaru &#8216;in s\u00f6z konusu izinsiz kullan\u0131mdan kaynaklanan her t\u00fcrl\u00fc tazminat ve sair talep hakk\u0131 sakl\u0131d\u0131r.<\/p>\n<p><strong>3.3.<\/strong>\u00a0\u00dcye www.yaru.com.tr internet sitesini kullan\u0131rken yasal mevzuat h\u00fck\u00fcmlerine riayet etmeyi ve bunlar\u0131 ihlal etmemeyi ba\u015ftan kabul ve taahh\u00fct eder. Aksi takdirde, do\u011facak t\u00fcm hukuki ve cezai y\u00fck\u00fcml\u00fcl\u00fckler tamamen ve m\u00fcnhas\u0131ran \u00fcyeyi ba\u011flayacakt\u0131r.<\/p>\n<p><strong>3.4.<\/strong>\u00a0\u00dcye, www.yaru.com.tr internet sitesini hi\u00e7bir \u015fekilde kamu d\u00fczenini bozucu, genel ahlaka ayk\u0131r\u0131, ba\u015fkalar\u0131n\u0131 rahats\u0131z ve taciz edici \u015fekilde, yasalara ayk\u0131r\u0131 bir ama\u00e7 i\u00e7in, ba\u015fkalar\u0131n\u0131n fikri ve telif haklar\u0131na tecav\u00fcz edecek \u015fekilde kullanamaz. Ayr\u0131ca, \u00fcye ba\u015fkalar\u0131n\u0131n hizmetleri kullanmas\u0131n\u0131 \u00f6nleyici veya zorla\u015ft\u0131r\u0131c\u0131 faaliyet (spam, virus, truva at\u0131, vb.) ve i\u015flemlerde bulunamaz.<\/p>\n<p><strong>3.5.\u00a0<\/strong>www.yaru.com.tr internet sitesinde \u00fcyeler taraf\u0131ndan beyan edilen, yaz\u0131lan, kullan\u0131lan fikir ve d\u00fc\u015f\u00fcnceler, tamamen \u00fcyelerin kendi ki\u015fisel g\u00f6r\u00fc\u015fleridir ve g\u00f6r\u00fc\u015f sahibini ba\u011flar. Bu g\u00f6r\u00fc\u015f ve d\u00fc\u015f\u00fcncelerin Yaru &#8216;le hi\u00e7bir ilgi ve ba\u011flant\u0131s\u0131 yoktur. Yaru &#8216;in \u00fcyenin beyan edece\u011fi fikir ve g\u00f6r\u00fc\u015fler nedeniyle \u00fc\u00e7\u00fcnc\u00fc ki\u015filerin u\u011frayabilece\u011fi zararlardan ve \u00fc\u00e7\u00fcnc\u00fc ki\u015filerin beyan edece\u011fi fikir ve g\u00f6r\u00fc\u015fler nedeniyle \u00fcyenin u\u011frayabilece\u011fi zararlardan dolay\u0131 herhangi bir sorumlulu\u011fu bulunmamaktad\u0131r.<\/p>\n<p><strong>3.6.<\/strong>\u00a0Yaru \u00fcye verilerinin yetkisiz ki\u015filerce okunmas\u0131ndan ve \u00fcye yaz\u0131l\u0131m ve verilerine gelebilecek zararlardan dolay\u0131 sorumlu olmayacakt\u0131r. \u00dcye, www.yaru.com.tr internet sitesinin kullan\u0131lmas\u0131ndan dolay\u0131 u\u011frayabilece\u011fi herhangi bir zarar y\u00fcz\u00fcnden Yaru den tazminat talep etmemeyi pe\u015finen kabul etmi\u015ftir.<\/p>\n<p><strong>3.7.<\/strong>\u00a0\u00dcye, di\u011fer internet kullan\u0131c\u0131lar\u0131n\u0131n yaz\u0131l\u0131mlar\u0131na ve verilerine izinsiz olarak ula\u015fmamay\u0131 veya bunlar\u0131 kullanmamay\u0131 kabul etmi\u015ftir. Aksi takdirde, bundan do\u011facak hukuki ve cezai sorumluluklar tamamen \u00fcyeye aittir.<\/p>\n<p><strong>3.8.<\/strong>\u00a0\u0130\u015fbu \u00fcyelik s\u00f6zle\u015fmesi i\u00e7erisinde say\u0131lan maddelerden bir ya da birka\u00e7\u0131n\u0131 ihlal eden \u00fcye i\u015fbu ihlal nedeniyle cezai ve hukuki olarak \u015fahsen sorumlu olup, Yaru &#8216;i bu ihlallerin hukuki ve cezai sonu\u00e7lar\u0131ndan ari tutacakt\u0131r. Ayr\u0131ca; i\u015fbu ihlal nedeniyle, olay\u0131n hukuk alan\u0131na intikal ettirilmesi halinde, Yaru &#8216;in \u00fcyeye kar\u015f\u0131 \u00fcyelik s\u00f6zle\u015fmesine uyulmamas\u0131ndan dolay\u0131 tazminat talebinde bulunma hakk\u0131 sakl\u0131d\u0131r.<\/p>\n<p><strong>3.9.<\/strong>\u00a0Yaru &#8216;in her zaman tek tarafl\u0131 olarak gerekti\u011finde \u00fcyenin \u00fcyeli\u011fini silme, m\u00fc\u015fteriye ait dosya, belge ve bilgileri silme hakk\u0131 vard\u0131r. \u00dcye i\u015fbu tasarrufu \u00f6nceden kabul eder. Bu durumda, Yaru &#8216;in hi\u00e7bir sorumlulu\u011fu yoktur.<\/p>\n<p><strong>3.10.<\/strong>\u00a0www.yaru.com.tr internet sitesi yaz\u0131l\u0131m ve tasar\u0131m\u0131 Yaru m\u00fclkiyetinde olup, bunlara ili\u015fkin telif hakk\u0131 ve\/veya di\u011fer fikri m\u00fclkiyet haklar\u0131 ilgili kanunlarca korunmakta olup, bunlar \u00fcye taraf\u0131ndan izinsiz kullan\u0131lamaz, iktisap edilemez ve de\u011fi\u015ftirilemez. Bu web sitesinde ad\u0131 ge\u00e7en ba\u015fkaca \u015firketler ve \u00fcr\u00fcnleri sahiplerinin ticari markalar\u0131d\u0131r ve ayr\u0131ca fikri m\u00fclkiyet haklar\u0131 kapsam\u0131nda korunmaktad\u0131r.<\/p>\n<p><strong>3.11.<\/strong>\u00a0Yaru taraf\u0131ndan www.yaru.com.tr internet sitesinin iyile\u015ftirilmesi, geli\u015ftirilmesine y\u00f6nelik olarak ve\/veya yasal mevzuat \u00e7er\u00e7evesinde siteye eri\u015fmek i\u00e7in kullan\u0131lan \u0130nternet servis sa\u011flay\u0131c\u0131s\u0131n\u0131n ad\u0131 ve Internet Protokol (IP) adresi, Siteye eri\u015filen tarih ve saat, sitede bulunulan s\u0131rada eri\u015filen sayfalar ve siteye do\u011frudan ba\u011flan\u0131lmas\u0131n\u0131 sa\u011flayan Web sitesinin Internet adresi gibi birtak\u0131m bilgiler toplanabilir.<\/p>\n<p><strong>3.12.<\/strong>\u00a0Yaru \u00fcyenin ki\u015fisel bilgilerini yasal bir zorunluluk olarak istendi\u011finde veya (a) yasal gereklere uygun hareket etmek veya Yaru e tebli\u011f edilen yasal i\u015flemlere uymak; (b) Yaru ve Yaru web sitesi ailesinin haklar\u0131n\u0131 ve m\u00fclkiyetini korumak ve savunmak i\u00e7in gerekli oldu\u011funa iyi niyetle kanaat getirdi\u011fi hallerde a\u00e7\u0131klayabilir.<\/p>\n<p><strong>3.13.<\/strong>\u00a0Yaru web sitesinin virus ve benzeri ama\u00e7l\u0131 yaz\u0131l\u0131mlardan ar\u0131nd\u0131r\u0131lm\u0131\u015f olmas\u0131 i\u00e7in mevcut imkanlar dahilinde tedbir al\u0131nm\u0131\u015ft\u0131r. Bunun yan\u0131nda nihai g\u00fcvenli\u011fin sa\u011flanmas\u0131 i\u00e7in kullan\u0131c\u0131n\u0131n, kendi virus koruma sistemini tedarik etmesi ve gerekli korunmay\u0131 sa\u011flamas\u0131 gerekmektedir. Bu ba\u011flamda \u00fcye Yaru web sitesi&#8217;ne girmesiyle, kendi yaz\u0131l\u0131m ve i\u015fletim sistemlerinde olu\u015fabilecek t\u00fcm hata ve bunlar\u0131n do\u011frudan yada dolayl\u0131 sonu\u00e7lar\u0131ndan kendisinin sorumlu oldu\u011funu kabul etmi\u015f say\u0131l\u0131r.<\/p>\n<p><strong>3.14.\u00a0<\/strong>Yaru sitenin i\u00e7eri\u011fini diledi\u011fi zaman de\u011fi\u015ftirme, kullan\u0131c\u0131lara sa\u011flanan herhangi bir hizmeti de\u011fi\u015ftirme yada sona erdirme veya Yaru web sitesinde kay\u0131tl\u0131 kullan\u0131c\u0131 bilgi ve verilerini silme hakk\u0131n\u0131 sakl\u0131 tutar.<\/p>\n<p><strong>3.15.\u00a0<\/strong>Yaru \u00fcyelik s\u00f6zle\u015fmesinin ko\u015fullar\u0131n\u0131 hi\u00e7bir \u015fekil ve surette \u00f6n ihbara ve\/veya ihtara gerek kalmaks\u0131z\u0131n her zaman de\u011fi\u015ftirebilir, g\u00fcncelleyebilir veya iptal edebilir. De\u011fi\u015ftirilen, g\u00fcncellenen yada y\u00fcr\u00fcrl\u00fckten kald\u0131r\u0131lan her h\u00fck\u00fcm , yay\u0131n tarihinde t\u00fcm \u00fcyeler bak\u0131m\u0131ndan h\u00fck\u00fcm ifade edecektir.<\/p>\n<p><strong>3.16.<\/strong>\u00a0Taraflar, Yaru &#8216;ya ait t\u00fcm bilgisayar kay\u0131tlar\u0131n\u0131n tek ve ger\u00e7ek m\u00fcnhas\u0131r delil olarak, HUMK madde 287&#8217;ye uygun \u015fekilde esas al\u0131naca\u011f\u0131n\u0131 ve s\u00f6z konusu kay\u0131tlar\u0131n bir delil s\u00f6zle\u015fmesi te\u015fkil etti\u011fi hususunu kabul ve beyan eder.<\/p>\n<p><strong>3.17.\u00a0<\/strong>Yaru i\u015f bu \u00fcyelik s\u00f6zle\u015fmesi uyar\u0131nca, \u00fcyelerinin kendisinde kay\u0131tl\u0131 elektronik posta adreslerine bilgilendirme mailleri ve cep telefonlar\u0131na bilgilendirme SMS&#8217;leri g\u00f6nderme yetkisine sahip olmakla beraber, \u00fcye i\u015fbu \u00fcyelik s\u00f6zle\u015fmesini onaylamas\u0131yla beraber bilgilendirme maillerinin elektronik posta adresine ve bilgilendirme SMS&#8217;lerinin cep telefonuna g\u00f6nderilmesini kabul etmi\u015f say\u0131lacakt\u0131r.<\/p>\n<p>\u00a0<\/p>\n<ol start=\"4\">\n<li><strong> S\u00f6zle\u015fmenin Feshi<\/strong><\/li>\n<\/ol>\n<p>\u0130\u015fbu s\u00f6zle\u015fme \u00fcyenin \u00fcyeli\u011fini iptal etmesi veya Yaru taraf\u0131ndan \u00fcyeli\u011finin iptal edilmesine kadar y\u00fcr\u00fcrl\u00fckte kalacakt\u0131r. Yaru \u00fcyenin \u00fcyelik s\u00f6zle\u015fmesinin herhangi bir h\u00fckm\u00fcn\u00fc ihlal etmesi durumunda \u00fcyenin \u00fcyeli\u011fini iptal ederek s\u00f6zle\u015fmeyi tek tarafl\u0131 olarak feshedebilecektir.<\/p>\n<p>\u00a0<\/p>\n<ol start=\"5\">\n<li><strong> \u0130htilaflarin Halli<\/strong><\/li>\n<\/ol>\n<p>\u0130\u015fbu s\u00f6zle\u015fmeye ili\u015fkin ihtilaflarda \u0130stanbul Mahkemeleri ve \u0130cra Daireleri yetkilidir.<\/p>\n<p>\u00a0<\/p>\n<ol start=\"6\">\n<li><strong> Y\u00fcr\u00fcrl\u00fck<\/strong><\/li>\n<\/ol>\n<p>\u00a0<\/p>\n<p>\u00dcyenin, \u00fcyelik kayd\u0131 yapmas\u0131 \u00fcyenin \u00fcyelik s\u00f6zle\u015fmesinde yer alan t\u00fcm maddeleri okudu\u011fu ve \u00fcyelik s\u00f6zle\u015fmesinde yer alan maddeleri kabul etti\u011fi anlam\u0131na gelir. \u0130\u015fbu S\u00f6zle\u015fme \u00fcyenin \u00fcye olmas\u0131 an\u0131nda akdedilmi\u015f ve kar\u015f\u0131l\u0131kl\u0131 olarak y\u00fcr\u00fcrl\u00fcl\u00fc\u011fe girmi\u015ftir<\/p>\n<\/li>\n<\/ol>\n\t\t\t\t\t\t\t\t<\/div>\n\t\t\t\t<\/div>\n\t\t<div class=\"elementor-element elementor-element-6fe5cd3 e-con-full e-flex e-con e-child\" data-id=\"6fe5cd3\" data-element_type=\"container\" data-e-type=\"container\">\n\t\t\t\t<\/div>\n\t\t\t\t\t<\/div>\n\t\t\t\t<\/div>\n\t\t\t\t<\/div>\n\t\t","protected":false},"excerpt":{"rendered":"<p>Membership Agreement \u00dcYEL\u0130K S\u00d6ZLE\u015eMES\u0130 Sitemize \u00fcye olmadan \u00f6nce a\u015fa\u011f\u0131da yer alan s\u00f6zle\u015fmeyi dikkatlice okuyunuz l\u00fctfen. Taraflar a) www.yaru.com.tr internet sitesinin<\/p>\n","protected":false},"author":1,"featured_media":0,"parent":0,"menu_order":0,"comment_status":"closed","ping_status":"closed","template":"","meta":{"footnotes":""},"class_list":["post-30047","page","type-page","status-publish","hentry"],"_links":{"self":[{"href":"https:\/\/yaru.com.tr\/en\/wp-json\/wp\/v2\/pages\/30047","targetHints":{"allow":["GET"]}}],"collection":[{"href":"https:\/\/yaru.com.tr\/en\/wp-json\/wp\/v2\/pages"}],"about":[{"href":"https:\/\/yaru.com.tr\/en\/wp-json\/wp\/v2\/types\/page"}],"author":[{"embeddable":true,"href":"https:\/\/yaru.com.tr\/en\/wp-json\/wp\/v2\/users\/1"}],"replies":[{"embeddable":true,"href":"https:\/\/yaru.com.tr\/en\/wp-json\/wp\/v2\/comments?post=30047"}],"version-history":[{"count":4,"href":"https:\/\/yaru.com.tr\/en\/wp-json\/wp\/v2\/pages\/30047\/revisions"}],"predecessor-version":[{"id":30055,"href":"https:\/\/yaru.com.tr\/en\/wp-json\/wp\/v2\/pages\/30047\/revisions\/30055"}],"wp:attachment":[{"href":"https:\/\/yaru.com.tr\/en\/wp-json\/wp\/v2\/media?parent=30047"}],"curies":[{"name":"wp","href":"https:\/\/api.w.org\/{rel}","templated":true}]}}