{"id":30044,"date":"2026-01-23T17:13:15","date_gmt":"2026-01-23T14:13:15","guid":{"rendered":"https:\/\/yaru.com.tr\/distance-sales-contract\/"},"modified":"2026-03-11T01:16:13","modified_gmt":"2026-03-10T22:16:13","slug":"distance-sales-contract","status":"publish","type":"page","link":"https:\/\/yaru.com.tr\/en\/distance-sales-contract\/","title":{"rendered":"Distance Sales Contract"},"content":{"rendered":"\t\t<div data-elementor-type=\"wp-page\" data-elementor-id=\"30044\" class=\"elementor elementor-30044 elementor-29348\">\n\t\t\t\t<div class=\"wd-negative-gap elementor-element elementor-element-cc2b6b6 e-flex e-con-boxed e-con e-parent\" data-id=\"cc2b6b6\" data-element_type=\"container\" data-e-type=\"container\">\n\t\t\t\t\t<div class=\"e-con-inner\">\n\t\t<div class=\"elementor-element elementor-element-ca332ee e-con-full e-flex e-con e-child\" data-id=\"ca332ee\" data-element_type=\"container\" data-e-type=\"container\">\n\t\t\t\t<\/div>\n\t\t<div class=\"elementor-element elementor-element-3feea67 e-con-full e-flex e-con e-child\" data-id=\"3feea67\" data-element_type=\"container\" data-e-type=\"container\">\n\t\t\t\t<div class=\"elementor-element elementor-element-babcc46 elementor-widget elementor-widget-heading\" data-id=\"babcc46\" data-element_type=\"widget\" data-e-type=\"widget\" data-widget_type=\"heading.default\">\n\t\t\t\t\t<h3 class=\"elementor-heading-title elementor-size-default\">Distance Sales Contract<\/h3>\t\t\t\t<\/div>\n\t\t\t\t<div class=\"elementor-element elementor-element-7db8a4f color-scheme-inherit text-left elementor-widget elementor-widget-text-editor\" data-id=\"7db8a4f\" data-element_type=\"widget\" data-e-type=\"widget\" data-widget_type=\"text-editor.default\">\n\t\t\t\t\t\t\t\t\t<ol>\n<li>\n<p>MADDE 1- TARAFLAR<\/p>\n<p>1.1- SATICI:<\/p>\n<p>\u00dcnvan\u0131 :\u00a0YARU TEKST\u0130L VE AKSESUAR TASARIM LTD ST\u0130<br \/>Adresi :\u00a0Fatih Sultan Mehmet Mah. Poligon Cad. Buyaka 2 Sitesi 3 Blok No:8 Ic kap\u0131 No: 1 Umraniye\/ Istanbul<br \/>Telefon :\u00a005324420958<br \/>Fax :<br \/>E-mail:\u00a0info@yaru.com.tr<\/p>\n<p>1.2- ALICI:<\/p>\n<p>Ad\u0131\/Soyad\u0131\/\u00dcnvan\u0131 :<br \/>Adresi:<br \/>Telefon:<br \/>E-mail:<\/p>\n<p>\u00a0<br \/>MADDE 2- KONU<\/p>\n<p>\u0130\u015fbu s\u00f6zle\u015fmenin konusu, ALICI&#8217;n\u0131n SATICI&#8217;ya ait internet sitesinden elektronik ortamda sipari\u015fini yapt\u0131\u011f\u0131 a\u015fa\u011f\u0131da nitelikleri ve sat\u0131\u015f fiyat\u0131 belirtilen \u00fcr\u00fcn\u00fcn sat\u0131\u015f\u0131 ve teslimi ile ilgili olarak 4077 say\u0131l\u0131 T\u00fcketicilerin Korunmas\u0131 Hakk\u0131ndaki Kanun ve Mesafeli S\u00f6zle\u015fmeleri Uygulama Esas ve Usulleri Hakk\u0131nda Y\u00f6netmelik h\u00fck\u00fcmleri gere\u011fince taraflar\u0131n hak ve y\u00fck\u00fcml\u00fcl\u00fcklerinin saptanmas\u0131d\u0131r.<\/p>\n<p>MADDE 3- S\u00d6ZLE\u015eME KONUSU \u00dcR\u00dcN<\/p>\n<p>Tarih :<\/p>\n<p><\/p>\n<table width=\"80%\">\n<tbody>\n<tr>\n<td>\n<p>\u00dcr\u00fcn Ad\u0131\u00a0<\/p>\n<\/td>\n<td>\n<p>Adet\u00a0<\/p>\n<\/td>\n<td>\n<p>Toplam \u00dcr\u00fcn Tutar\u0131\u00a0<\/p>\n<\/td>\n<\/tr>\n<\/tbody>\n<\/table>\n<p>\u00dcr\u00fcnlerin cinsi ve t\u00fcr\u00fc,miktar\u0131,marka\/modeli rengi sat\u0131\u015f bedeli yukar\u0131da belirtildi\u011fi gibidir.<br \/>\u00d6deme \u015fekli:<br \/>Teslimat adresi:<br \/>ile Toplam<\/p>\n<p>MADDE 4- GENEL H\u00dcK\u00dcMLER<br \/>\u00a0<br \/>4.1- ALICI, internet sitesinde s\u00f6zle\u015fme konusu \u00fcr\u00fcn\u00fcn temel nitelikleri, sat\u0131\u015f fiyat\u0131 ve \u00f6deme \u015fekli ile teslimata ili\u015fkin \u00f6n bilgileri okuyup bilgi sahibi oldu\u011funu ve elektronik ortamda gerekli teyidi verdi\u011fini beyan eder.<br \/>4.2- S\u00f6zle\u015fme konusu \u00fcr\u00fcn, yasal\u00a03 g\u00fcnl\u00fck s\u00fcreyi a\u015fmamak ko\u015fulu ile her bir \u00fcr\u00fcn i\u00e7in ALICI&#8217;n\u0131n yerle\u015fim yerinin uzakl\u0131\u011f\u0131na ba\u011fl\u0131 olarak internet sitesinde \u00f6n bilgiler i\u00e7inde a\u00e7\u0131klanan s\u00fcre i\u00e7inde ALICI veya g\u00f6sterdi\u011fi adresteki ki\u015fi\/kurulu\u015fa teslim edilir.<br \/>4.3- S\u00f6zle\u015fme konusu \u00fcr\u00fcn, ALICI&#8217;dan ba\u015fka bir ki\u015fi\/kurulu\u015fa teslim edilecek ise, teslim edilecek ki\u015fi\/kurulu\u015fun teslimat\u0131 kabul etmemesininden SATICI sorumlu tutulamaz.<br \/>4.4- SATICI, s\u00f6zle\u015fme konusu \u00fcr\u00fcn\u00fcn sa\u011flam, eksiksiz, sipari\u015fte belirtilen niteliklere uygun ve varsa garanti belgeleri ve kullan\u0131m klavuzlar\u0131 ile teslim edilmesinden sorumludur.<br \/>4.5- S\u00f6zle\u015fme konusu \u00fcr\u00fcn\u00fcn teslimat\u0131 i\u00e7in i\u015fbu s\u00f6zle\u015fmenin imzal\u0131 n\u00fcshas\u0131n\u0131n SATICI&#8217;ya ula\u015ft\u0131r\u0131lm\u0131\u015f olmas\u0131 ve bedelinin ALICI&#8217;n\u0131n tercih etti\u011fi \u00f6deme \u015fekli ile \u00f6denmi\u015f olmas\u0131 \u015fartt\u0131r. Herhangi bir nedenle \u00fcr\u00fcn bedeli \u00f6denmez veya banka kay\u0131tlar\u0131nda iptal edilir ise, SATICI \u00fcr\u00fcn\u00fcn teslimi y\u00fck\u00fcml\u00fcl\u00fc\u011f\u00fcnden kurtulmu\u015f kabul edilir.<br \/>4.6- \u00dcr\u00fcn\u00fcn tesliminden sonra ALICI&#8217;ya ait kredi kart\u0131n\u0131n ALICI&#8217;n\u0131n kusurundan kaynaklanmayan bir \u015fekilde yetkisiz ki\u015filerce haks\u0131z veya hukuka ayk\u0131r\u0131 olarak kullan\u0131lmas\u0131 nedeni ile ilgili banka veya finans kurulu\u015fun \u00fcr\u00fcn bedelini SATICI&#8217;ya \u00f6dememesi halinde, ALICI&#8217;n\u0131n kendisine teslim edilmi\u015f olmas\u0131 kayd\u0131yla \u00fcr\u00fcn\u00fcn 3 g\u00fcn i\u00e7inde SATICI&#8217;ya g\u00f6nderilmesi zorunludur. Bu takdirde nakliye giderleri ALICI&#8217;ya aittir.<br \/>4.7- SATICI m\u00fccbir sebepler veya nakliyeyi engelleyen hava muhalefeti, ula\u015f\u0131m\u0131n kesilmesi gibi ola\u011fan\u00fcst\u00fc durumlar nedeni ile s\u00f6zle\u015fme konusu \u00fcr\u00fcn\u00fc s\u00fcresi i\u00e7inde teslim edemez ise, durumu ALICI&#8217;ya bildirmekle y\u00fck\u00fcml\u00fcd\u00fcr. Bu takdirde ALICI sipari\u015fin iptal edilmesini, s\u00f6zle\u015fme konusu \u00fcr\u00fcn\u00fcn varsa emsali ile de\u011fi\u015ftirilmesini, ve\/veya teslimat s\u00fcresinin engelleyici durumun ortadan kalkmas\u0131na kadar ertelenmesi haklar\u0131ndan birini kullanabilir. ALICI&#8217;n\u0131n sipari\u015fi iptal etmesi halinde \u00f6dedi\u011fi tutar 10 g\u00fcn i\u00e7inde kendisine nakten ve defaten \u00f6denir.<br \/>4.8- Garanti belgesi ile sat\u0131lan \u00fcr\u00fcnlerden olan veya olmayan \u00fcr\u00fcnlerin ar\u0131zal\u0131 veya bozuk olanlar, garanti \u015fartlar\u0131 i\u00e7inde gerekli onar\u0131m\u0131n yap\u0131lmas\u0131 i\u00e7in SATICI&#8217;ya g\u00f6nderilebilir, bu takdirde kargo giderleri SATICI taraf\u0131ndan kar\u015f\u0131lanacakt\u0131r.<\/p>\n<p>MADDE 5- CAYMA HAKKI<\/p>\n<p>ALICI, s\u00f6zle\u015fme konusu \u00fcr\u00fcr\u00fcn\u00fcn kendisine veya g\u00f6sterdi\u011fi adresteki ki\u015fi\/kurulu\u015fa tesliminden itibaren 7 g\u00fcn i\u00e7inde cayma hakk\u0131na sahiptir. Cayma hakk\u0131n\u0131n kullan\u0131lmas\u0131 i\u00e7in bu s\u00fcre i\u00e7inde SATICI&#8217;ya faks, email veya telefon ile bildirimde bulunulmas\u0131 ve \u00fcr\u00fcn\u00fcn 6. madde h\u00fck\u00fcmleri \u00e7ercevesinde kullan\u0131lmam\u0131\u015f olmas\u0131 \u015fartt\u0131r. Bu hakk\u0131n kullan\u0131lmas\u0131 halinde, 3. ki\u015fiye veya ALICI&#8217;ya teslim edilen \u00fcr\u00fcn\u00fcn SATICI&#8217;ya g\u00f6nderildi\u011fine ili\u015fkin kargo teslim tutana\u011f\u0131 \u00f6rne\u011fi ile fatura asl\u0131n\u0131n iadesi zorunludur. Bu belgelerin ula\u015fmas\u0131n\u0131 takip eden 7 g\u00fcn i\u00e7inde \u00fcr\u00fcn bedeli ALICI&#8217;ya iade edilir. Fatura asl\u0131 g\u00f6nderilmez ise KDV ve varsa sair yasal y\u00fck\u00fcml\u00fcl\u00fckler iade edilemez. Cayma hakk\u0131 nedeni ile iade edilen \u00fcr\u00fcn\u00fcn kargo bedeli SATICI taraf\u0131ndan kar\u015f\u0131lan\u0131r.<\/p>\n<p>MADDE 6- CAYMA HAKKI KULLANILAMAYACAK \u00dcR\u00dcNLER<\/p>\n<p>Niteli\u011fi itibar\u0131yla iade edilemeyecek \u00fcr\u00fcnler, tek kullan\u0131ml\u0131k \u00fcr\u00fcnler, kopyalanabilir yaz\u0131l\u0131m ve programlar, h\u0131zl\u0131 bozulan veya son kullan\u0131m tarihi ge\u00e7en \u00fcr\u00fcnler i\u00e7in cayma hakk\u0131 kullan\u0131lamaz. A\u015fa\u011f\u0131daki \u00fcr\u00fcnlerde cayma hakk\u0131n\u0131n kullan\u0131lmas\u0131, \u00fcr\u00fcn\u00fcn ambalaj\u0131n\u0131n a\u00e7\u0131lmam\u0131\u015f, bozulmam\u0131\u015f ve \u00fcr\u00fcn\u00fcn kullan\u0131lmam\u0131\u015f olmas\u0131 \u015fart\u0131na ba\u011fl\u0131d\u0131r.<br \/>-Ta\u015f\u0131nabilir Bilgisayar (Orijinal i\u015fletim sitemi kurulduktan sonra iade al\u0131nmayacakt\u0131r.)<br \/>-Her t\u00fcrl\u00fc yaz\u0131l\u0131m ve programlar<br \/>-DVD, VCD, CD ve kasetler<br \/>-Bilgisayar ve k\u0131rtasiye sarf malzemeleri (toner, kartu\u015f, \u015ferit v.b)<br \/>-H\u00fcr t\u00fcrl\u00fc kozmetik \u00fcr\u00fcnleri<br \/>-Telefon kont\u00f6r sipari\u015fleri<\/p>\n<p>MADDE 7- YETK\u0130L\u0130 MAHKEME<\/p>\n<p>\u0130\u015fbu s\u00f6zle\u015fmenin uygulanmas\u0131nda, Sanayi ve Ticaret Bakanl\u0131\u011f\u0131nca ilan edilen de\u011fere kadar T\u00fcketici Hakem Heyetleri ile ALICI&#8217;n\u0131n veya SATICI&#8217;n\u0131n yerle\u015fim yerindeki T\u00fcketici Mahkemeleri yetkilidir.<br \/>Sipari\u015fin ger\u00e7ekle\u015fmesi durumunda ALICI i\u015fbu s\u00f6zle\u015fmenin t\u00fcm ko\u015fullar\u0131n\u0131 kabul etmi\u015f say\u0131l\u0131r.<\/p>\n<p>SATICI<\/p>\n<p>\u00a0<\/p>\n<p>ALICI<\/p>\n<\/li>\n<\/ol>\n\t\t\t\t\t\t\t\t<\/div>\n\t\t\t\t<\/div>\n\t\t<div class=\"elementor-element elementor-element-6fe5cd3 e-con-full e-flex e-con e-child\" data-id=\"6fe5cd3\" data-element_type=\"container\" data-e-type=\"container\">\n\t\t\t\t<\/div>\n\t\t\t\t\t<\/div>\n\t\t\t\t<\/div>\n\t\t\t\t<\/div>\n\t\t","protected":false},"excerpt":{"rendered":"<p>Distance Sales Contract MADDE 1- TARAFLAR 1.1- SATICI: \u00dcnvan\u0131 :\u00a0YARU TEKST\u0130L VE AKSESUAR TASARIM LTD ST\u0130Adresi :\u00a0Fatih Sultan Mehmet Mah.<\/p>\n","protected":false},"author":1,"featured_media":0,"parent":0,"menu_order":0,"comment_status":"closed","ping_status":"closed","template":"","meta":{"footnotes":""},"class_list":["post-30044","page","type-page","status-publish","hentry"],"_links":{"self":[{"href":"https:\/\/yaru.com.tr\/en\/wp-json\/wp\/v2\/pages\/30044","targetHints":{"allow":["GET"]}}],"collection":[{"href":"https:\/\/yaru.com.tr\/en\/wp-json\/wp\/v2\/pages"}],"about":[{"href":"https:\/\/yaru.com.tr\/en\/wp-json\/wp\/v2\/types\/page"}],"author":[{"embeddable":true,"href":"https:\/\/yaru.com.tr\/en\/wp-json\/wp\/v2\/users\/1"}],"replies":[{"embeddable":true,"href":"https:\/\/yaru.com.tr\/en\/wp-json\/wp\/v2\/comments?post=30044"}],"version-history":[{"count":1,"href":"https:\/\/yaru.com.tr\/en\/wp-json\/wp\/v2\/pages\/30044\/revisions"}],"predecessor-version":[{"id":30045,"href":"https:\/\/yaru.com.tr\/en\/wp-json\/wp\/v2\/pages\/30044\/revisions\/30045"}],"wp:attachment":[{"href":"https:\/\/yaru.com.tr\/en\/wp-json\/wp\/v2\/media?parent=30044"}],"curies":[{"name":"wp","href":"https:\/\/api.w.org\/{rel}","templated":true}]}}