{"id":30039,"date":"2026-01-23T16:58:59","date_gmt":"2026-01-23T13:58:59","guid":{"rendered":"https:\/\/yaru.com.tr\/return-conditions\/"},"modified":"2026-03-11T01:14:36","modified_gmt":"2026-03-10T22:14:36","slug":"return-conditions","status":"publish","type":"page","link":"https:\/\/yaru.com.tr\/en\/return-conditions\/","title":{"rendered":"Return Conditions"},"content":{"rendered":"\t\t<div data-elementor-type=\"wp-page\" data-elementor-id=\"30039\" class=\"elementor elementor-30039 elementor-29336\">\n\t\t\t\t<div class=\"wd-negative-gap elementor-element elementor-element-cc2b6b6 e-flex e-con-boxed e-con e-parent\" data-id=\"cc2b6b6\" data-element_type=\"container\" data-e-type=\"container\">\n\t\t\t\t\t<div class=\"e-con-inner\">\n\t\t<div class=\"elementor-element elementor-element-ca332ee e-con-full e-flex e-con e-child\" data-id=\"ca332ee\" data-element_type=\"container\" data-e-type=\"container\">\n\t\t\t\t<\/div>\n\t\t<div class=\"elementor-element elementor-element-3feea67 e-con-full e-flex e-con e-child\" data-id=\"3feea67\" data-element_type=\"container\" data-e-type=\"container\">\n\t\t\t\t<div class=\"elementor-element elementor-element-babcc46 elementor-widget elementor-widget-heading\" data-id=\"babcc46\" data-element_type=\"widget\" data-e-type=\"widget\" data-widget_type=\"heading.default\">\n\t\t\t\t\t<h3 class=\"elementor-heading-title elementor-size-default\">Return Conditions<\/h3>\t\t\t\t<\/div>\n\t\t\t\t<div class=\"elementor-element elementor-element-7db8a4f color-scheme-inherit text-left elementor-widget elementor-widget-text-editor\" data-id=\"7db8a4f\" data-element_type=\"widget\" data-e-type=\"widget\" data-widget_type=\"text-editor.default\">\n\t\t\t\t\t\t\t\t\t<p>\u0130ade \u015eartlar\u0131<\/p>\n<p>\u00dcr\u00fcn iadesi konusunda sizlere daha iyi ve h\u0131zl\u0131 bir \u015fekilde hizmet verebilmemiz i\u00e7in gerekli olan \u015fartlar\u0131 a\u015fa\u011f\u0131da bulabilirsiniz; Bunlardan herhangi birinin eksik olmas\u0131 durumunda \u00fcr\u00fcn iadesi kabul edilmemektedir.<\/p>\n<p>\u0130ADE \u0130\u00c7\u0130N \u0130STED\u0130KLER\u0130M\u0130Z<\/p>\n<p>1. \u0130ADE ED\u0130LECEK \u00dcR\u00dcN\u00a0<br \/>2. \u0130ADE ED\u0130LECEK \u00dcR\u00dcN\u00dcN SEVK \u0130RSAL\u0130YES\u0130 ve FATURA (T\u00fcm n\u00fcshalar\u0131 ile birlikte)<br \/>\u00a0<br \/>1. \u0130ADE ED\u0130LECEK \u00dcR\u00dcN<br \/>a- Kullan\u0131lm\u0131\u015f, hasar g\u00f6rm\u00fc\u015f veya etiketi bulunmayan \u00fcr\u00fcnlerin iadesi kabul edilmemektedir.<br \/>b- \u0130ade edilecek \u00fcr\u00fcn\u00fcn, teslim tarihinden itibaren 14 g\u00fcn i\u00e7erisinde teslim al\u0131nd\u0131\u011f\u0131 \u015fekilde, varsa aksesuarlar\u0131 ile birlikte eksiksiz ve hasars\u0131z olarak teslim edilmesi gerekmektedir.<br \/>\u00a0<br \/>2. \u0130ADE ED\u0130LECEK \u00dcR\u00dcN\u00dcN SEVK \u0130RSAL\u0130YES\u0130<br \/>a- \u0130ade i\u015flemi i\u00e7in \u00fcr\u00fcn\u00fcn sevk irsaliyesinin ve faturas\u0131n\u0131n (t\u00fcm kopyalar\u0131 ile birlikte) Yurti\u00e7i Kargo ile g\u00f6nderilmesi gerekmektedir.<\/p>\n<p><strong>\u0130ade Adresi \u015fu \u015fekildedir:<\/strong><\/p>\n<p>Yo\u011furt\u00e7u Z\u00fclf\u00fc Sok. 14\/2\u00a0 Bebek Be\u015fikta\u015f, \u0130stanbul \u00a0<br \/>\u00a0<br \/>D\u0130\u011eER \u015eARTLAR ve \u0130ADE KARGO \u00dcCRETLER\u0130 HAKKINDA<br \/>a- \u0130ade \u015fartlar\u0131na uygun olarak taraf\u0131m\u0131za ula\u015ft\u0131r\u0131lan \u00fcr\u00fcne ili\u015fkin tutarlar\u0131n\u0131n iadesi, \u00fcr\u00fcn\u00fcn taraf\u0131m\u0131za ula\u015ft\u0131\u011f\u0131 g\u00fcn i\u015fleme al\u0131nacakt\u0131r. \u0130adenin hesab\u0131n\u0131za yans\u0131ma s\u00fcresi, 7-10 g\u00fcn aras\u0131nda ger\u00e7ekle\u015fmektedir.<br \/>b- \u0130ade edilecek \u00fcr\u00fcn\u00fcn Yurti\u00e7i\u00a0Kargo ile g\u00f6nderilmesi gerekmekte olup kargo \u00fccreti m\u00fc\u015fteriye aittir.\u00a0<br \/>\u00a0<br \/>\u0130ADE ED\u0130LECEK \u00dcR\u00dcN\u00dcN G\u00d6NDER\u0130LMES\u0130<br \/>\u0130ade edilecek \u00fcr\u00fcn sadece anla\u015fmal\u0131 oldu\u011fumuz kargo firmas\u0131 olan <strong>Yurti\u00e7i Kargo <\/strong>taraf\u0131ndan anla\u015fma kodumuzla teslim al\u0131nabilir. Bunun d\u0131\u015f\u0131nda herhangi bir kargo \u015firketiyle elimize ula\u015fan \u00fcr\u00fcnlerin iadesi ve ula\u015f\u0131m bedeli kabul edilmeyecektir.<br \/>Genel iade \u015fartlar\u0131 a\u015fa\u011f\u0131daki gibidir;<br \/>&#8211; \u0130adeler mutlak surette orijinal ambalaj\u0131 ile birlikte yap\u0131lmal\u0131d\u0131r.<br \/>&#8211; Ambalajs\u0131z g\u00f6nderilen \u00fcr\u00fcnler ile tekrar sat\u0131labilirlik \u00f6zelli\u011fini kaybetmi\u015f, ba\u015fka bir m\u00fc\u015fteri taraf\u0131ndan sat\u0131n al\u0131namayacak durumda olan \u00fcr\u00fcnlerin iadesi kabul edilmemektedir.<\/p>\n<p>-Tadilat\u0131 yap\u0131lan \u00fcr\u00fcn, de\u011fi\u015fim veya iade kapsam\u0131 d\u0131\u015f\u0131ndad\u0131r.<br \/>&#8211; \u0130ade etmek istedi\u011finiz \u00fcr\u00fcn ile birlikte orijinal sevk irsaliyesi ve faturas\u0131n\u0131n t\u00fcm kopyalar\u0131 ile birlikte g\u00f6nderilmesi gerekmektedir.<\/p>\n<p>Genel \u015fartlara uymayan g\u00f6nderilerin iadesi kabul edilmeyecektir.\u00a0<\/p>\n\t\t\t\t\t\t\t\t<\/div>\n\t\t\t\t<\/div>\n\t\t<div class=\"elementor-element elementor-element-6fe5cd3 e-con-full e-flex e-con e-child\" data-id=\"6fe5cd3\" data-element_type=\"container\" data-e-type=\"container\">\n\t\t\t\t<\/div>\n\t\t\t\t\t<\/div>\n\t\t\t\t<\/div>\n\t\t\t\t<\/div>\n\t\t","protected":false},"excerpt":{"rendered":"<p>Return Conditions \u0130ade \u015eartlar\u0131 \u00dcr\u00fcn iadesi konusunda sizlere daha iyi ve h\u0131zl\u0131 bir \u015fekilde hizmet verebilmemiz i\u00e7in gerekli olan \u015fartlar\u0131<\/p>\n","protected":false},"author":1,"featured_media":0,"parent":0,"menu_order":0,"comment_status":"closed","ping_status":"closed","template":"","meta":{"footnotes":""},"class_list":["post-30039","page","type-page","status-publish","hentry"],"_links":{"self":[{"href":"https:\/\/yaru.com.tr\/en\/wp-json\/wp\/v2\/pages\/30039","targetHints":{"allow":["GET"]}}],"collection":[{"href":"https:\/\/yaru.com.tr\/en\/wp-json\/wp\/v2\/pages"}],"about":[{"href":"https:\/\/yaru.com.tr\/en\/wp-json\/wp\/v2\/types\/page"}],"author":[{"embeddable":true,"href":"https:\/\/yaru.com.tr\/en\/wp-json\/wp\/v2\/users\/1"}],"replies":[{"embeddable":true,"href":"https:\/\/yaru.com.tr\/en\/wp-json\/wp\/v2\/comments?post=30039"}],"version-history":[{"count":1,"href":"https:\/\/yaru.com.tr\/en\/wp-json\/wp\/v2\/pages\/30039\/revisions"}],"predecessor-version":[{"id":30040,"href":"https:\/\/yaru.com.tr\/en\/wp-json\/wp\/v2\/pages\/30039\/revisions\/30040"}],"wp:attachment":[{"href":"https:\/\/yaru.com.tr\/en\/wp-json\/wp\/v2\/media?parent=30039"}],"curies":[{"name":"wp","href":"https:\/\/api.w.org\/{rel}","templated":true}]}}